{"id":7,"date":"2017-12-20T10:44:51","date_gmt":"2017-12-20T10:44:51","guid":{"rendered":"http:\/\/www.essbioconsulting.com\/?page_id=7"},"modified":"2024-05-21T10:51:43","modified_gmt":"2024-05-21T09:51:43","slug":"inicio","status":"publish","type":"page","link":"https:\/\/www.essbioconsulting.com\/","title":{"rendered":"Inicio"},"content":{"rendered":"<h1><img loading=\"lazy\" decoding=\"async\" class=\"aligncenter size-full wp-image-264652\" src=\"https:\/\/www.essbioconsulting.com\/wp-content\/uploads\/2023\/05\/LOGO-Nombre-Comercial-ESS_revletra-scaled.jpg\" alt=\"\" width=\"2560\" height=\"526\" srcset=\"https:\/\/www.essbioconsulting.com\/wp-content\/uploads\/2023\/05\/LOGO-Nombre-Comercial-ESS_revletra-scaled.jpg 2560w, https:\/\/www.essbioconsulting.com\/wp-content\/uploads\/2023\/05\/LOGO-Nombre-Comercial-ESS_revletra-300x62.jpg 300w, https:\/\/www.essbioconsulting.com\/wp-content\/uploads\/2023\/05\/LOGO-Nombre-Comercial-ESS_revletra-1024x210.jpg 1024w, https:\/\/www.essbioconsulting.com\/wp-content\/uploads\/2023\/05\/LOGO-Nombre-Comercial-ESS_revletra-768x158.jpg 768w, https:\/\/www.essbioconsulting.com\/wp-content\/uploads\/2023\/05\/LOGO-Nombre-Comercial-ESS_revletra-1536x316.jpg 1536w, https:\/\/www.essbioconsulting.com\/wp-content\/uploads\/2023\/05\/LOGO-Nombre-Comercial-ESS_revletra-2048x421.jpg 2048w\" sizes=\"auto, (max-width: 767px) 89vw, (max-width: 1000px) 54vw, (max-width: 1071px) 543px, 580px\" \/><\/h1>\n<p>&nbsp;<\/p>\n<p style=\"text-align: justify;\">Desde\u00a0<b>ESS <\/b><b>BioConsulting<\/b>\u00a0ofrecemos dilatada experiencia en dos de los pilares fundamentales del desarrollo econ\u00f3mico y bienestar de nuestra sociedad: <b>el <\/b><b><i>medio ambiente<\/i><\/b> y <b>la <\/b><b><i>ciencia<\/i><\/b>.<\/p>\n<p><img loading=\"lazy\" decoding=\"async\" class=\"aligncenter wp-image-508\" title=\"Gesti\u00f3n medioambiental en las mejores manos\" src=\"http:\/\/www.essbioconsulting.com\/wp-content\/uploads\/2018\/02\/Imagen1-1-1024x220.jpg\" alt=\"\" width=\"450\" height=\"97\" srcset=\"https:\/\/www.essbioconsulting.com\/wp-content\/uploads\/2018\/02\/Imagen1-1-1024x220.jpg 1024w, https:\/\/www.essbioconsulting.com\/wp-content\/uploads\/2018\/02\/Imagen1-1-300x64.jpg 300w, https:\/\/www.essbioconsulting.com\/wp-content\/uploads\/2018\/02\/Imagen1-1-768x165.jpg 768w, https:\/\/www.essbioconsulting.com\/wp-content\/uploads\/2018\/02\/Imagen1-1.jpg 1410w\" sizes=\"auto, (max-width: 450px) 100vw, 450px\" \/><\/p>\n<p style=\"text-align: justify;\">Adem\u00e1s, aportamos nuestro asesoramiento en materia ambiental al <b>sector empresarial<\/b>, <b>\u00e1mbito cient\u00edfico<\/b> y <b>administraciones p\u00fablicas<\/b>. Prestamos nuestros servicios tanto a nivel <b>nacional<\/b> como <b>internacional<\/b>, colaborando activamente con empresas y asociaciones conservacionistas de \u00e1mbito europeo.<\/p>\n<p><img loading=\"lazy\" decoding=\"async\" class=\"aligncenter wp-image-765 size-full\" src=\"http:\/\/www.essbioconsulting.com\/wp-content\/uploads\/2018\/02\/Imagen15-1.jpg\" alt=\"\" width=\"959\" height=\"138\" srcset=\"https:\/\/www.essbioconsulting.com\/wp-content\/uploads\/2018\/02\/Imagen15-1.jpg 959w, https:\/\/www.essbioconsulting.com\/wp-content\/uploads\/2018\/02\/Imagen15-1-300x43.jpg 300w, https:\/\/www.essbioconsulting.com\/wp-content\/uploads\/2018\/02\/Imagen15-1-768x111.jpg 768w\" sizes=\"auto, (max-width: 767px) 89vw, (max-width: 1000px) 54vw, (max-width: 1071px) 543px, 580px\" \/><\/p>\n<p style=\"text-align: justify;\">Nos enorgullece adem\u00e1s anunciar que hemos obtenido la <strong>certificaci\u00f3n ISO 9001<\/strong>, lo que avala nuestro compromiso con la calidad y la mejora continua en todos nuestros servicios, garantizando la satisfacci\u00f3n de nuestros clientes y el cumplimiento de los m\u00e1s altos est\u00e1ndares internacionales.<\/p>\n<p><img loading=\"lazy\" decoding=\"async\" class=\"aligncenter wp-image-264755\" src=\"https:\/\/www.essbioconsulting.com\/wp-content\/uploads\/2024\/05\/Logo_for_client-9001.png\" alt=\"\" width=\"295\" height=\"117\" srcset=\"https:\/\/www.essbioconsulting.com\/wp-content\/uploads\/2024\/05\/Logo_for_client-9001.png 1033w, https:\/\/www.essbioconsulting.com\/wp-content\/uploads\/2024\/05\/Logo_for_client-9001-300x119.png 300w, https:\/\/www.essbioconsulting.com\/wp-content\/uploads\/2024\/05\/Logo_for_client-9001-1024x406.png 1024w, https:\/\/www.essbioconsulting.com\/wp-content\/uploads\/2024\/05\/Logo_for_client-9001-768x305.png 768w\" sizes=\"auto, (max-width: 295px) 100vw, 295px\" \/><\/p>\n<p style=\"text-align: center;\"><!-- Google Tag Manager (noscript) --><br \/>\n<noscript>&lt;iframe src=\u00bbhttps:\/\/www.googletagmanager.com\/ns.html?id=GTM-W68D9K9&#8243; height=\u00bb0&#8243; width=\u00bb0&#8243; style=\u00bbdisplay:none;visibility:hidden\u00bb&gt;&lt;\/iframe&gt;<\/noscript><span style=\"color: #800000; font-size: 14pt;\"><strong><a style=\"color: #800000;\" href=\"https:\/\/www.flipsnack.com\/ESSBioConsulting\/presentacion-ess-bioconsulting-sl-web.html\" target=\"_blank\" rel=\"noopener noreferrer\">Sigue el link para ver nuestra cartera de servicios<\/a><\/strong><\/span><br \/>\n<!-- End Google Tag Manager (noscript) --><\/p>\n","protected":false},"excerpt":{"rendered":"<p>&nbsp; Desde\u00a0ESS BioConsulting\u00a0ofrecemos dilatada experiencia en dos de los pilares fundamentales del desarrollo econ\u00f3mico y bienestar de nuestra sociedad: el medio ambiente y la ciencia. Adem\u00e1s, aportamos nuestro asesoramiento en materia ambiental al sector empresarial, \u00e1mbito cient\u00edfico y administraciones p\u00fablicas. Prestamos nuestros servicios tanto a nivel nacional como internacional, colaborando activamente con empresas y asociaciones &hellip; <\/p>\n<p class=\"link-more\"><a href=\"https:\/\/www.essbioconsulting.com\/\" class=\"more-link\">Continuar leyendo<span class=\"screen-reader-text\"> \u00abInicio\u00bb<\/span><\/a><\/p>\n","protected":false},"author":1,"featured_media":82,"parent":0,"menu_order":0,"comment_status":"closed","ping_status":"closed","template":"","meta":{"footnotes":""},"class_list":["post-7","page","type-page","status-publish","has-post-thumbnail","hentry"],"yoast_head":"<!-- This site is optimized with the Yoast SEO plugin v26.8 - https:\/\/yoast.com\/product\/yoast-seo-wordpress\/ -->\n<title>Inicio - ESS BioConsulting<\/title>\n<meta name=\"description\" content=\"ESS BioConsulting: medio ambiente y ciencia, pilares fundamentales del desarrollo econ\u00f3mico y bienestar de nuestra sociedad.\" \/>\n<meta name=\"robots\" content=\"index, follow, max-snippet:-1, max-image-preview:large, max-video-preview:-1\" \/>\n<link rel=\"canonical\" href=\"https:\/\/www.essbioconsulting.com\/\" \/>\n<meta property=\"og:locale\" content=\"es_ES\" \/>\n<meta property=\"og:type\" content=\"article\" \/>\n<meta property=\"og:title\" content=\"Inicio - ESS BioConsulting\" \/>\n<meta property=\"og:description\" content=\"ESS BioConsulting: medio ambiente y ciencia, pilares fundamentales del desarrollo econ\u00f3mico y bienestar de nuestra sociedad.\" \/>\n<meta property=\"og:url\" content=\"https:\/\/www.essbioconsulting.com\/\" \/>\n<meta property=\"og:site_name\" content=\"ESS BioConsulting\" \/>\n<meta property=\"article:publisher\" content=\"https:\/\/www.facebook.com\/essbioconsulting\/\" \/>\n<meta property=\"article:modified_time\" content=\"2024-05-21T09:51:43+00:00\" \/>\n<meta property=\"og:image\" content=\"https:\/\/www.essbioconsulting.com\/wp-content\/uploads\/2017\/12\/IMG_5122-1024x683.jpg\" \/>\n\t<meta property=\"og:image:width\" content=\"1024\" \/>\n\t<meta property=\"og:image:height\" content=\"683\" \/>\n\t<meta property=\"og:image:type\" content=\"image\/jpeg\" \/>\n<meta name=\"twitter:card\" content=\"summary_large_image\" \/>\n<meta name=\"twitter:site\" content=\"@essconsulting\" \/>\n<meta name=\"twitter:label1\" content=\"Tiempo de lectura\" \/>\n\t<meta name=\"twitter:data1\" content=\"2 minutos\" \/>\n<script type=\"application\/ld+json\" class=\"yoast-schema-graph\">{\"@context\":\"https:\/\/schema.org\",\"@graph\":[{\"@type\":\"WebPage\",\"@id\":\"https:\/\/www.essbioconsulting.com\/\",\"url\":\"https:\/\/www.essbioconsulting.com\/\",\"name\":\"Inicio - ESS BioConsulting\",\"isPartOf\":{\"@id\":\"https:\/\/www.essbioconsulting.com\/#website\"},\"primaryImageOfPage\":{\"@id\":\"https:\/\/www.essbioconsulting.com\/#primaryimage\"},\"image\":{\"@id\":\"https:\/\/www.essbioconsulting.com\/#primaryimage\"},\"thumbnailUrl\":\"https:\/\/www.essbioconsulting.com\/wp-content\/uploads\/2017\/12\/IMG_5122.jpg\",\"datePublished\":\"2017-12-20T10:44:51+00:00\",\"dateModified\":\"2024-05-21T09:51:43+00:00\",\"description\":\"ESS BioConsulting: medio ambiente y ciencia, pilares fundamentales del desarrollo econ\u00f3mico y bienestar de nuestra sociedad.\",\"breadcrumb\":{\"@id\":\"https:\/\/www.essbioconsulting.com\/#breadcrumb\"},\"inLanguage\":\"es\",\"potentialAction\":[{\"@type\":\"ReadAction\",\"target\":[\"https:\/\/www.essbioconsulting.com\/\"]}]},{\"@type\":\"ImageObject\",\"inLanguage\":\"es\",\"@id\":\"https:\/\/www.essbioconsulting.com\/#primaryimage\",\"url\":\"https:\/\/www.essbioconsulting.com\/wp-content\/uploads\/2017\/12\/IMG_5122.jpg\",\"contentUrl\":\"https:\/\/www.essbioconsulting.com\/wp-content\/uploads\/2017\/12\/IMG_5122.jpg\",\"width\":3888,\"height\":2592},{\"@type\":\"BreadcrumbList\",\"@id\":\"https:\/\/www.essbioconsulting.com\/#breadcrumb\",\"itemListElement\":[{\"@type\":\"ListItem\",\"position\":1,\"name\":\"Portada\",\"item\":\"https:\/\/www.essbioconsulting.com\/\"},{\"@type\":\"ListItem\",\"position\":2,\"name\":\"Inicio\"}]},{\"@type\":\"WebSite\",\"@id\":\"https:\/\/www.essbioconsulting.com\/#website\",\"url\":\"https:\/\/www.essbioconsulting.com\/\",\"name\":\"ESS BioConsulting\",\"description\":\"Consultor\u00eda Ambiental\",\"publisher\":{\"@id\":\"https:\/\/www.essbioconsulting.com\/#organization\"},\"potentialAction\":[{\"@type\":\"SearchAction\",\"target\":{\"@type\":\"EntryPoint\",\"urlTemplate\":\"https:\/\/www.essbioconsulting.com\/?s={search_term_string}\"},\"query-input\":{\"@type\":\"PropertyValueSpecification\",\"valueRequired\":true,\"valueName\":\"search_term_string\"}}],\"inLanguage\":\"es\"},{\"@type\":\"Organization\",\"@id\":\"https:\/\/www.essbioconsulting.com\/#organization\",\"name\":\"ESS BioConsulting\",\"url\":\"https:\/\/www.essbioconsulting.com\/\",\"logo\":{\"@type\":\"ImageObject\",\"inLanguage\":\"es\",\"@id\":\"https:\/\/www.essbioconsulting.com\/#\/schema\/logo\/image\/\",\"url\":\"http:\/\/www.essbioconsulting.com\/wp-content\/uploads\/2018\/05\/Logo-ESS-con-texto-I-y-sombra.jpg\",\"contentUrl\":\"http:\/\/www.essbioconsulting.com\/wp-content\/uploads\/2018\/05\/Logo-ESS-con-texto-I-y-sombra.jpg\",\"width\":970,\"height\":217,\"caption\":\"ESS BioConsulting\"},\"image\":{\"@id\":\"https:\/\/www.essbioconsulting.com\/#\/schema\/logo\/image\/\"},\"sameAs\":[\"https:\/\/www.facebook.com\/essbioconsulting\/\",\"https:\/\/x.com\/essconsulting\",\"https:\/\/www.instagram.com\/essbioconsulting\/\",\"https:\/\/www.linkedin.com\/in\/ess-bioconsulting\/\"]}]}<\/script>\n<!-- \/ Yoast SEO plugin. -->","yoast_head_json":{"title":"Inicio - ESS BioConsulting","description":"ESS BioConsulting: medio ambiente y ciencia, pilares fundamentales del desarrollo econ\u00f3mico y bienestar de nuestra sociedad.","robots":{"index":"index","follow":"follow","max-snippet":"max-snippet:-1","max-image-preview":"max-image-preview:large","max-video-preview":"max-video-preview:-1"},"canonical":"https:\/\/www.essbioconsulting.com\/","og_locale":"es_ES","og_type":"article","og_title":"Inicio - ESS BioConsulting","og_description":"ESS BioConsulting: medio ambiente y ciencia, pilares fundamentales del desarrollo econ\u00f3mico y bienestar de nuestra sociedad.","og_url":"https:\/\/www.essbioconsulting.com\/","og_site_name":"ESS BioConsulting","article_publisher":"https:\/\/www.facebook.com\/essbioconsulting\/","article_modified_time":"2024-05-21T09:51:43+00:00","og_image":[{"width":1024,"height":683,"url":"https:\/\/www.essbioconsulting.com\/wp-content\/uploads\/2017\/12\/IMG_5122-1024x683.jpg","type":"image\/jpeg"}],"twitter_card":"summary_large_image","twitter_site":"@essconsulting","twitter_misc":{"Tiempo de lectura":"2 minutos"},"schema":{"@context":"https:\/\/schema.org","@graph":[{"@type":"WebPage","@id":"https:\/\/www.essbioconsulting.com\/","url":"https:\/\/www.essbioconsulting.com\/","name":"Inicio - ESS BioConsulting","isPartOf":{"@id":"https:\/\/www.essbioconsulting.com\/#website"},"primaryImageOfPage":{"@id":"https:\/\/www.essbioconsulting.com\/#primaryimage"},"image":{"@id":"https:\/\/www.essbioconsulting.com\/#primaryimage"},"thumbnailUrl":"https:\/\/www.essbioconsulting.com\/wp-content\/uploads\/2017\/12\/IMG_5122.jpg","datePublished":"2017-12-20T10:44:51+00:00","dateModified":"2024-05-21T09:51:43+00:00","description":"ESS BioConsulting: medio ambiente y ciencia, pilares fundamentales del desarrollo econ\u00f3mico y bienestar de nuestra sociedad.","breadcrumb":{"@id":"https:\/\/www.essbioconsulting.com\/#breadcrumb"},"inLanguage":"es","potentialAction":[{"@type":"ReadAction","target":["https:\/\/www.essbioconsulting.com\/"]}]},{"@type":"ImageObject","inLanguage":"es","@id":"https:\/\/www.essbioconsulting.com\/#primaryimage","url":"https:\/\/www.essbioconsulting.com\/wp-content\/uploads\/2017\/12\/IMG_5122.jpg","contentUrl":"https:\/\/www.essbioconsulting.com\/wp-content\/uploads\/2017\/12\/IMG_5122.jpg","width":3888,"height":2592},{"@type":"BreadcrumbList","@id":"https:\/\/www.essbioconsulting.com\/#breadcrumb","itemListElement":[{"@type":"ListItem","position":1,"name":"Portada","item":"https:\/\/www.essbioconsulting.com\/"},{"@type":"ListItem","position":2,"name":"Inicio"}]},{"@type":"WebSite","@id":"https:\/\/www.essbioconsulting.com\/#website","url":"https:\/\/www.essbioconsulting.com\/","name":"ESS BioConsulting","description":"Consultor\u00eda Ambiental","publisher":{"@id":"https:\/\/www.essbioconsulting.com\/#organization"},"potentialAction":[{"@type":"SearchAction","target":{"@type":"EntryPoint","urlTemplate":"https:\/\/www.essbioconsulting.com\/?s={search_term_string}"},"query-input":{"@type":"PropertyValueSpecification","valueRequired":true,"valueName":"search_term_string"}}],"inLanguage":"es"},{"@type":"Organization","@id":"https:\/\/www.essbioconsulting.com\/#organization","name":"ESS BioConsulting","url":"https:\/\/www.essbioconsulting.com\/","logo":{"@type":"ImageObject","inLanguage":"es","@id":"https:\/\/www.essbioconsulting.com\/#\/schema\/logo\/image\/","url":"http:\/\/www.essbioconsulting.com\/wp-content\/uploads\/2018\/05\/Logo-ESS-con-texto-I-y-sombra.jpg","contentUrl":"http:\/\/www.essbioconsulting.com\/wp-content\/uploads\/2018\/05\/Logo-ESS-con-texto-I-y-sombra.jpg","width":970,"height":217,"caption":"ESS BioConsulting"},"image":{"@id":"https:\/\/www.essbioconsulting.com\/#\/schema\/logo\/image\/"},"sameAs":["https:\/\/www.facebook.com\/essbioconsulting\/","https:\/\/x.com\/essconsulting","https:\/\/www.instagram.com\/essbioconsulting\/","https:\/\/www.linkedin.com\/in\/ess-bioconsulting\/"]}]}},"_links":{"self":[{"href":"https:\/\/www.essbioconsulting.com\/index.php\/wp-json\/wp\/v2\/pages\/7","targetHints":{"allow":["GET"]}}],"collection":[{"href":"https:\/\/www.essbioconsulting.com\/index.php\/wp-json\/wp\/v2\/pages"}],"about":[{"href":"https:\/\/www.essbioconsulting.com\/index.php\/wp-json\/wp\/v2\/types\/page"}],"author":[{"embeddable":true,"href":"https:\/\/www.essbioconsulting.com\/index.php\/wp-json\/wp\/v2\/users\/1"}],"replies":[{"embeddable":true,"href":"https:\/\/www.essbioconsulting.com\/index.php\/wp-json\/wp\/v2\/comments?post=7"}],"version-history":[{"count":57,"href":"https:\/\/www.essbioconsulting.com\/index.php\/wp-json\/wp\/v2\/pages\/7\/revisions"}],"predecessor-version":[{"id":264760,"href":"https:\/\/www.essbioconsulting.com\/index.php\/wp-json\/wp\/v2\/pages\/7\/revisions\/264760"}],"wp:featuredmedia":[{"embeddable":true,"href":"https:\/\/www.essbioconsulting.com\/index.php\/wp-json\/wp\/v2\/media\/82"}],"wp:attachment":[{"href":"https:\/\/www.essbioconsulting.com\/index.php\/wp-json\/wp\/v2\/media?parent=7"}],"curies":[{"name":"wp","href":"https:\/\/api.w.org\/{rel}","templated":true}]}}